{"id":2,"date":"2021-12-10T15:26:09","date_gmt":"2021-12-10T14:26:09","guid":{"rendered":"https:\/\/mojeobec.kr-stredocesky.cz\/portal\/?page_id=2"},"modified":"2025-01-24T14:47:36","modified_gmt":"2025-01-24T13:47:36","slug":"zkusebni-stranka","status":"publish","type":"page","link":"https:\/\/mojeobec.stredoceskykraj.cz\/portal\/","title":{"rendered":"PAROZ pro obce"},"content":{"rendered":"\n\n\n<div style=\"height:50px\" aria-hidden=\"true\" class=\"wp-block-spacer\"><\/div>\n\n\n\n<div class=\"wp-block-group alignwide\"><div class=\"wp-block-group__inner-container is-layout-flow wp-block-group-is-layout-flow\">\n<div class=\"wp-block-media-text alignwide is-stacked-on-mobile is-vertically-aligned-center container\"><figure class=\"wp-block-media-text__media\"><img loading=\"lazy\" decoding=\"async\" width=\"2000\" height=\"1414\" src=\"https:\/\/mojeobec.kr-stredocesky.cz\/portal\/wp-content\/uploads\/2022\/05\/diagram-2000x1414.jpg\" alt=\"\" class=\"wp-image-82 size-full\" srcset=\"https:\/\/mojeobec.stredoceskykraj.cz\/portal\/wp-content\/uploads\/2022\/05\/diagram-2000x1414.jpg 2000w, https:\/\/mojeobec.stredoceskykraj.cz\/portal\/wp-content\/uploads\/2022\/05\/diagram-300x212.jpg 300w, https:\/\/mojeobec.stredoceskykraj.cz\/portal\/wp-content\/uploads\/2022\/05\/diagram-768x543.jpg 768w, https:\/\/mojeobec.stredoceskykraj.cz\/portal\/wp-content\/uploads\/2022\/05\/diagram-1536x1086.jpg 1536w, https:\/\/mojeobec.stredoceskykraj.cz\/portal\/wp-content\/uploads\/2022\/05\/diagram-2048x1448.jpg 2048w\" sizes=\"(max-width: 2000px) 100vw, 2000px\" \/><\/figure><div class=\"wp-block-media-text__content\">\n<h3 class=\"wp-block-heading alignwide has-text-align-left\"><strong>Participovat <\/strong>znamen\u00e1 spolupracovat, pod\u00edlet se na n\u011b\u010dem, sd\u00edlet n\u011bco a aktivn\u011b se toho \u00fa\u010dastnit. <\/h3>\n\n\n\n<h4 class=\"wp-block-heading alignwide has-text-align-left\">Participativn\u00ed rozpo\u010dty umo\u017e\u0148uj\u00ed zapojit aktivn\u00ed ob\u010dany a ve spolupr\u00e1ci s nimi identifikovat ty spr\u00e1vn\u00e9 projekty, kter\u00e9 jsou nejv\u00edce \u017e\u00e1dan\u00e9 a je tak nejv\u00edce p\u0159\u00ednosn\u00e9 je realizovat. Jedn\u00e1 se o velmi efektivn\u00ed a modern\u00ed n\u00e1stroj \u0159\u00edzen\u00ed \u010d\u00e1sti v\u00fddaj\u016f obce \u010di m\u011bsta.<\/h4>\n\n\n\n<h4 class=\"wp-block-heading alignwide has-text-align-left\">Obc\u00edm, kter\u00e9 o to projev\u00ed z\u00e1jem, <strong>softwarov\u00e9 \u0159e\u0161en\u00ed<\/strong> cel\u00e9ho procesu od sb\u011bru n\u00e1vrh\u016f p\u0159es prezentaci projekt\u016f a\u017e po mechanizmus hlasov\u00e1n\u00ed.<\/h4>\n<\/div><\/div>\n<\/div><\/div>\n\n\n\n<div style=\"height:50px\" aria-hidden=\"true\" class=\"wp-block-spacer\"><\/div>\n\n\n\n<h2 class=\"wp-block-heading container\"><strong>Porad\u00edme V\u00e1m<\/strong><\/h2>\n\n\n\n<div class=\"wp-block-group alignwide container\"><div class=\"wp-block-group__inner-container is-layout-flow wp-block-group-is-layout-flow\">\n<div class=\"wp-block-columns alignwide is-layout-flex wp-container-core-columns-is-layout-1 wp-block-columns-is-layout-flex\">\n<div class=\"wp-block-column is-layout-flow wp-block-column-is-layout-flow\">\n<p>Uva\u017eujete o za\u0159azen\u00ed participativn\u00edho rozpo\u010dtov\u00e1n\u00ed jako modern\u00edho n\u00e1stroje i ve va\u0161\u00ed obci? St\u0159edo\u010desk\u00fd kraj m\u00e1 pro v\u00e1s n\u00e1stroje pro jeho efektivn\u00ed a jednoduchou spr\u00e1vu.<\/p>\n\n\n\n<div class=\"wp-block-buttons is-layout-flex wp-block-buttons-is-layout-flex\">\n<div class=\"wp-block-button is-style-outline is-style-outline--2a046b445fc7caf71351accf37dfeb1b\"><a class=\"wp-block-button__link has-text-color wp-element-button\" href=\"https:\/\/mojeobec.stredoceskykraj.cz\/jak-zacit\/\" style=\"border-radius:50px;color:#e31f27\">Jak za\u010d\u00edt?<\/a><\/div>\n<\/div>\n<\/div>\n\n\n\n<div class=\"wp-block-column is-layout-flow wp-block-column-is-layout-flow\">\n<p>Zaj\u00edm\u00e1 V\u00e1s jak to d\u011blaj\u00ed jinde a jak vypad\u00e1 v\u00fdsledn\u00e9 nasazen\u00ed softwaru poskytovan\u00e9ho St\u0159edo\u010desk\u00fdm krajem? Pod\u00edvejte se na ji\u017e prob\u00edhaj\u00edc\u00ed realizace.<\/p>\n\n\n\n<div class=\"wp-block-buttons alignwide is-layout-flex wp-block-buttons-is-layout-flex\">\n<div class=\"wp-block-button is-style-outline is-style-outline--08e9bb8050f6694dacf3a3f8b05f99cd\"><a class=\"wp-block-button__link has-text-color wp-element-button\" href=\"https:\/\/mojeobec.stredoceskykraj.cz\/realizace\/\" style=\"border-radius:50px;color:#e31f27\">Galerie realizac\u00ed<\/a><\/div>\n<\/div>\n<\/div>\n\n\n\n<div class=\"wp-block-column is-layout-flow wp-block-column-is-layout-flow\">\n<p>Projekt participativn\u00edho rozpo\u010dtu je relativn\u011b komplexn\u00ed soubor \u010dinnost\u00ed. Je velmi d\u016fle\u017eit\u00e9 spr\u00e1vn\u011b porozum\u011bt a nastavit v\u0161echny d\u00edl\u010d\u00ed procesy.  Nej\u010dast\u011bj\u0161\u00ed dotazy naleznete n\u00ed\u017ee.<\/p>\n\n\n\n<div class=\"wp-block-buttons is-layout-flex wp-block-buttons-is-layout-flex\">\n<div class=\"wp-block-button is-style-outline is-style-outline--332836e26457d990e8fcfacbf7c1860d\"><a class=\"wp-block-button__link has-text-color wp-element-button\" href=\"https:\/\/mojeobec.stredoceskykraj.cz\/faq\/\" style=\"border-radius:50px;color:#e31f27\">\u010cast\u00e9 dotazy<\/a><\/div>\n<\/div>\n<\/div>\n<\/div>\n<\/div><\/div>\n\n\n\n<div style=\"height:50px\" aria-hidden=\"true\" class=\"wp-block-spacer\"><\/div>\n\n\n\n<h2 class=\"wp-block-heading container\"><\/h2>\n\n\n\n<div class=\"wp-block-columns container is-layout-flex wp-container-core-columns-is-layout-2 wp-block-columns-is-layout-flex\">\n<div class=\"wp-block-column is-layout-flow wp-block-column-is-layout-flow\"><\/div>\n<\/div>\n\n\n\n<p><\/p>\n","protected":false},"excerpt":{"rendered":"Participovat znamen\u00e1 spolupracovat, pod\u00edlet se na n\u011b\u010dem, sd\u00edlet n\u011bco a aktivn\u011b se toho \u00fa\u010dastnit. Participativn\u00ed rozpo\u010dty umo\u017e\u0148uj\u00ed zapojit aktivn\u00ed ob\u010dany a ve spolupr\u00e1ci s nimi identifikovat ty spr\u00e1vn\u00e9 projekty, kter\u00e9 jsou nejv\u00edce \u017e\u00e1dan\u00e9 a je tak nejv\u00edce p\u0159\u00ednosn\u00e9 je realizovat. Jedn\u00e1 se o velmi efektivn\u00ed a modern\u00ed n\u00e1stroj \u0159\u00edzen\u00ed \u010d\u00e1sti v\u00fddaj\u016f obce \u010di m\u011bsta. Obc\u00edm, [&hellip;]","protected":false},"author":1,"featured_media":0,"parent":0,"menu_order":0,"comment_status":"closed","ping_status":"open","template":"","meta":{"footnotes":""},"class_list":["post-2","page","type-page","status-publish","hentry"],"_links":{"self":[{"href":"https:\/\/mojeobec.stredoceskykraj.cz\/portal\/wp-json\/wp\/v2\/pages\/2"}],"collection":[{"href":"https:\/\/mojeobec.stredoceskykraj.cz\/portal\/wp-json\/wp\/v2\/pages"}],"about":[{"href":"https:\/\/mojeobec.stredoceskykraj.cz\/portal\/wp-json\/wp\/v2\/types\/page"}],"author":[{"embeddable":true,"href":"https:\/\/mojeobec.stredoceskykraj.cz\/portal\/wp-json\/wp\/v2\/users\/1"}],"replies":[{"embeddable":true,"href":"https:\/\/mojeobec.stredoceskykraj.cz\/portal\/wp-json\/wp\/v2\/comments?post=2"}],"version-history":[{"count":4,"href":"https:\/\/mojeobec.stredoceskykraj.cz\/portal\/wp-json\/wp\/v2\/pages\/2\/revisions"}],"predecessor-version":[{"id":285,"href":"https:\/\/mojeobec.stredoceskykraj.cz\/portal\/wp-json\/wp\/v2\/pages\/2\/revisions\/285"}],"wp:attachment":[{"href":"https:\/\/mojeobec.stredoceskykraj.cz\/portal\/wp-json\/wp\/v2\/media?parent=2"}],"curies":[{"name":"wp","href":"https:\/\/api.w.org\/{rel}","templated":true}]}}